{"id":37268,"date":"2023-11-03T11:52:54","date_gmt":"2023-11-03T09:52:54","guid":{"rendered":"https:\/\/www.massaaziekspress.ee\/hierontapalvelut\/access-bars\/"},"modified":"2023-11-03T11:52:54","modified_gmt":"2023-11-03T09:52:54","slug":"access-bars","status":"publish","type":"page","link":"https:\/\/www.massaaziekspress.ee\/fi\/access-bars\/","title":{"rendered":"Access Bars"},"content":{"rendered":"<p><strong>Access Bars<\/strong> on Access Consciousnessi energiaseanss, mis v\u00f5imaldab inimesel avastada ennast ja oma potentsiaali.<\/p>\n<p>Access Bars on v\u00f5imas teraapia, mis aktiveerib energiavood ja t\u00f5rjub v\u00e4lja meie kehas kogunenud hoiakud, hinnangud, negatiivsed emotsioonid ja piiravad uskumused. Teraapia aitab tugevdada immuuns\u00fcsteemi, parandada unekvaliteeti, \u00fchtlustada suhteid, normaliseerida kaalu, vabaneda s\u00f5ltuvustest ja erinevatest blokeeringutest. Access Barsi seanss on omamoodi v\u00f5ti suurema teadlikkuse ja valmisoleku saavutamiseks oma ellu midagi enamat lubada. Muutused ja eneset\u00e4iendamine ootavad Sind nendes eluvaldkondades, milles pead seda vajalikuks.<\/p>\n<p>[meks_serv_price location=&#8221;salon&#8221; service=&#8221;ACCE&#8221;]<\/p>\n<p><strong>Heal lapsel mitu nime<\/strong>: Access Bars, 32 punkti, aju massaa\u017e<\/p>\n<p><strong>Kellele see massaa\u017e sobib?<\/strong> Access Bars sobib k\u00f5igile, kes soovivad vabaneda piiravatest uskumustest ning hakata ome elu uuesti nautima. Turgutada oma keha ja vaimu, saada m\u00f5tteselgust ning kogeda midagi uut.<\/p>\n<p><strong>Milleks see massaa\u017e veel sobib?<\/strong><\/p>\n<ul>\n<li>Emotsionaalseks mahalaadimiseks;<\/li>\n<li>F\u00fc\u00fcsilise kurnatuse leevendamiseks;<\/li>\n<li>Kui sa tahad vabaneda m\u00f5tete puntrast ja saada v\u00e4rskust ja selgust oma ellu.<\/li>\n<\/ul>\n<p><strong>Mida veel klassikalise massaa\u017ei kohta teadma peaks?<\/strong><\/p>\n<ul>\n<li>Seansiks ei ole vaja eelnevalt ette valmistada;<\/li>\n<li>Ei ole mingeid vastun\u00e4idustusi;<\/li>\n<li>K\u00f5ik riided j\u00e4\u00e4vad selga;<\/li>\n<li>Seansi ajal meister puudutab 32 erinevat punkti peas, mille j\u00e4rel toimubki elumuutev muutus;<\/li>\n<\/ul>\n","protected":false},"excerpt":{"rendered":"<p>Access Bars on Access Consciousnessi energiaseanss, mis v\u00f5imaldab inimesel avastada ennast ja oma potentsiaali. Access Bars on v\u00f5imas teraapia, mis aktiveerib energiavood ja t\u00f5rjub v\u00e4lja meie kehas kogunenud hoiakud, hinnangud, negatiivsed emotsioonid ja piiravad uskumused. Teraapia aitab tugevdada immuuns\u00fcsteemi, parandada unekvaliteeti, \u00fchtlustada suhteid, normaliseerida kaalu, vabaneda s\u00f5ltuvustest ja erinevatest blokeeringutest. Access Barsi seanss on omamoodi [&hellip;]<\/p>\n","protected":false},"author":36,"featured_media":37265,"parent":0,"menu_order":6,"comment_status":"closed","ping_status":"closed","template":"","meta":{"footnotes":""},"class_list":["post-37268","page","type-page","status-publish","has-post-thumbnail","hentry"],"_links":{"self":[{"href":"https:\/\/www.massaaziekspress.ee\/fi\/wp-json\/wp\/v2\/pages\/37268","targetHints":{"allow":["GET"]}}],"collection":[{"href":"https:\/\/www.massaaziekspress.ee\/fi\/wp-json\/wp\/v2\/pages"}],"about":[{"href":"https:\/\/www.massaaziekspress.ee\/fi\/wp-json\/wp\/v2\/types\/page"}],"author":[{"embeddable":true,"href":"https:\/\/www.massaaziekspress.ee\/fi\/wp-json\/wp\/v2\/users\/36"}],"replies":[{"embeddable":true,"href":"https:\/\/www.massaaziekspress.ee\/fi\/wp-json\/wp\/v2\/comments?post=37268"}],"version-history":[{"count":0,"href":"https:\/\/www.massaaziekspress.ee\/fi\/wp-json\/wp\/v2\/pages\/37268\/revisions"}],"wp:featuredmedia":[{"embeddable":true,"href":"https:\/\/www.massaaziekspress.ee\/fi\/wp-json\/wp\/v2\/media\/37265"}],"wp:attachment":[{"href":"https:\/\/www.massaaziekspress.ee\/fi\/wp-json\/wp\/v2\/media?parent=37268"}],"curies":[{"name":"wp","href":"https:\/\/api.w.org\/{rel}","templated":true}]}}